{"id":714,"date":"2014-04-18T15:59:23","date_gmt":"2014-04-18T15:59:23","guid":{"rendered":"http:\/\/fratellicesari.com\/home-page"},"modified":"2020-10-31T15:03:01","modified_gmt":"2020-10-31T14:03:01","slug":"home-page","status":"publish","type":"page","link":"http:\/\/fratellicesari.com\/de","title":{"rendered":"Home"},"content":{"rendered":"<p>Unser Unternehmen wurde 1973 von den Br\u00fcdern Giorgio, Mirko und Gianluigi Cesari gegr\u00fcndet mit Spezialisierung auf das Formen von technischen Artikeln aus Natur- und Synthesegummi, Silikon und Polyurethan f\u00fcr Dritte.<br \/>Die Herstellung von Einzelteilen aus Gummi und das Formen von Gummi auf Metall erfolgt durch Vulkanisieren, wobei der vom Kunden vorgegebene Entwurf genau eingehalten wird.<\/p>\n","protected":false},"excerpt":{"rendered":"<p>Unser Unternehmen wurde 1973 von den Br\u00fcdern Giorgio, Mirko und Gianluigi Cesari gegr\u00fcndet mit Spezialisierung auf das Formen von technischen Artikeln aus Natur- und Synthesegummi, Silikon und Polyurethan f\u00fcr Dritte.Die Herstellung von Einzelteilen aus Gummi und das Formen von Gummi auf Metall erfolgt durch Vulkanisieren, wobei der vom Kunden vorgegebene Entwurf genau eingehalten wird.<\/p>\n","protected":false},"author":9192192,"featured_media":0,"parent":0,"menu_order":0,"comment_status":"open","ping_status":"open","template":"home.php","meta":{"ngg_post_thumbnail":0},"_links":{"self":[{"href":"http:\/\/fratellicesari.com\/de\/wp-json\/wp\/v2\/pages\/714"}],"collection":[{"href":"http:\/\/fratellicesari.com\/de\/wp-json\/wp\/v2\/pages"}],"about":[{"href":"http:\/\/fratellicesari.com\/de\/wp-json\/wp\/v2\/types\/page"}],"author":[{"embeddable":true,"href":"http:\/\/fratellicesari.com\/de\/wp-json\/wp\/v2\/users\/9192192"}],"replies":[{"embeddable":true,"href":"http:\/\/fratellicesari.com\/de\/wp-json\/wp\/v2\/comments?post=714"}],"version-history":[{"count":1,"href":"http:\/\/fratellicesari.com\/de\/wp-json\/wp\/v2\/pages\/714\/revisions"}],"predecessor-version":[{"id":715,"href":"http:\/\/fratellicesari.com\/de\/wp-json\/wp\/v2\/pages\/714\/revisions\/715"}],"wp:attachment":[{"href":"http:\/\/fratellicesari.com\/de\/wp-json\/wp\/v2\/media?parent=714"}],"curies":[{"name":"wp","href":"https:\/\/api.w.org\/{rel}","templated":true}]}}