{"id":739,"date":"2020-10-31T23:39:31","date_gmt":"2020-10-31T22:39:31","guid":{"rendered":"http:\/\/fratellicesari.com\/technologie"},"modified":"2020-10-31T23:42:23","modified_gmt":"2020-10-31T22:42:23","slug":"technologie","status":"publish","type":"page","link":"http:\/\/fratellicesari.com\/de\/technologie","title":{"rendered":"TECHNOLOGIE"},"content":{"rendered":"<p>Die <b>Vulkanisation<\/b> ist ein Herstellungsprozess von Gummi, das durch Erhitzen chemisch an Schwefel gebunden wird. Der Prozess ver\u00e4ndert die molekulare Zusammensetzung des Polymers, macht es elastischer und erh\u00f6ht seine Zugfestigkeit.<\/p>\n<p>Der Prozess erfolgt mit <b>vertikalen Hei\u00dfpressen<\/b> (in unserem Fall Mapelli 30\/80 oder Mapelli 500, je nach Gr\u00f6\u00dfe der Form), die ab einer Temperatur von ca. 200\u00b0C das <b>Spritzgie\u00dfen<\/b> oder <b>Formpressen<\/b> mit Spezialpressen erm\u00f6glichen.<\/p>\n<p>Damit die hergestellten Teile die richtige Form erhalten, werden spezielle Formen gem\u00e4\u00df den vom Kunden bereitgestellten technischen Zeichnungen hergestellt.<\/p>\n","protected":false},"excerpt":{"rendered":"<p>Die Vulkanisation ist ein Herstellungsprozess von Gummi, das durch Erhitzen chemisch an Schwefel gebunden wird. Der Prozess ver\u00e4ndert die molekulare Zusammensetzung des Polymers, macht es elastischer und erh\u00f6ht seine Zugfestigkeit. Der Prozess erfolgt mit vertikalen Hei\u00dfpressen (in unserem Fall Mapelli 30\/80 oder Mapelli 500, je nach Gr\u00f6\u00dfe der Form), die ab einer Temperatur von ca. [&hellip;]<\/p>\n","protected":false},"author":9192192,"featured_media":740,"parent":0,"menu_order":0,"comment_status":"open","ping_status":"open","template":"template-pagina.php","meta":{"ngg_post_thumbnail":0},"_links":{"self":[{"href":"http:\/\/fratellicesari.com\/de\/wp-json\/wp\/v2\/pages\/739"}],"collection":[{"href":"http:\/\/fratellicesari.com\/de\/wp-json\/wp\/v2\/pages"}],"about":[{"href":"http:\/\/fratellicesari.com\/de\/wp-json\/wp\/v2\/types\/page"}],"author":[{"embeddable":true,"href":"http:\/\/fratellicesari.com\/de\/wp-json\/wp\/v2\/users\/9192192"}],"replies":[{"embeddable":true,"href":"http:\/\/fratellicesari.com\/de\/wp-json\/wp\/v2\/comments?post=739"}],"version-history":[{"count":1,"href":"http:\/\/fratellicesari.com\/de\/wp-json\/wp\/v2\/pages\/739\/revisions"}],"predecessor-version":[{"id":750,"href":"http:\/\/fratellicesari.com\/de\/wp-json\/wp\/v2\/pages\/739\/revisions\/750"}],"wp:featuredmedia":[{"embeddable":true,"href":"http:\/\/fratellicesari.com\/de\/wp-json\/wp\/v2\/media\/740"}],"wp:attachment":[{"href":"http:\/\/fratellicesari.com\/de\/wp-json\/wp\/v2\/media?parent=739"}],"curies":[{"name":"wp","href":"https:\/\/api.w.org\/{rel}","templated":true}]}}