{"id":787,"date":"2020-11-01T00:39:00","date_gmt":"2020-10-31T23:39:00","guid":{"rendered":"http:\/\/fratellicesari.com\/privacy"},"modified":"2020-11-01T22:35:17","modified_gmt":"2020-11-01T21:35:17","slug":"privacy","status":"publish","type":"page","link":"http:\/\/fratellicesari.com\/de\/privacy","title":{"rendered":"Privacy"},"content":{"rendered":"<p>INFORMATIVA RELATIVA AL TRATTAMENTO DEI DATI PERSONALI In questa pagina si descrivono le modalit\u00e0 di gestione del presente sito internet in riferimento al trattamento dei dati personali degli utenti che lo consultano. Si tratta di un\u2019informativa che \u00e8 resa anche ai sensi dell\u2019art. 13 del d.lgs. n. 196\/2003 \u2013 Codice in materia di protezione dei dati personali a coloro che interagiscono con i servizi web di questo sito internet. L\u2019informativa \u00e8 resa solo per questo sito e non anche per altri siti web eventualmente consultati dall\u2019utente tramite link. IL TITOLARE DEL TRATTAMENTO A seguito della consultazione di questo sito possono essere trattati dati relativi a persone identificate o identificabili. Il titolare del loro trattamento \u00e8: Fratelli Cesari s.n.c. V. Merighi, 24 \u2013 Villanova, Castenaso (BO) tel: 051 781 392; fax: 051 781 392; e-mail: info@fratellicesari.com LUOGO DI TRATTAMENTO DEI DATI. I trattamenti connessi ai servizi web di questo sito hanno luogo presso la predetta sede della Societ\u00e0 e sono curati solo da personale della Societ\u00e0 oppure da incaricati esterni di operazioni di manutenzione e aggiornamento. Nessun dato derivante dal servizio web viene comunicato o diffuso. I dati personali forniti dagli utenti che inoltrano richieste di servizi, prestazioni o informazioni sono utilizzati al solo fine di eseguire il servizio o la prestazione richiesta o di fornire le informazioni richieste e sono comunicati a terzi nel solo caso in cui ci\u00f2 sia a tal fine necessario e quindi, limitatamente ai servizi e alle prestazioni richieste, i dati potranno essere trasmessi al personale interno della Societ\u00e0, a collaboratori, corrispondenti ed incaricati, a consulenti della societ\u00e0 in materia di contabilit\u00e0 amministrativa, fiscale e contributiva e di informatica e telematica, ad istituti bancari e finanziari, nonch\u00e9 a soggetti incaricati per la tutela degli interessi della societ\u00e0 in sede giurisdizionale, amministrativa ed extragiudiziale e per il recupero dei crediti ad incaricati per la spedizione di documenti e per il controllo aziendale. TIPI DI DATI TRATTATI DATI DI NAVIGAZIONE I sistemi informatici e le procedure software preposte al funzionamento di questo sito web acquisiscono, nel corso del loro normale esercizio, alcuni dati personali la cui trasmissione \u00e8 implicita nell\u2019uso dei protocolli di comunicazione di Internet. Si tratta di informazioni che non sono raccolte per essere associate a interessati identificati, ma che per loro stessa natura potrebbero, attraverso elaborazioni ed associazioni con dati detenuti da terzi, permettere di identificare gli utenti. In questa categoria di dati rientrano gli indirizzi IP o i nomi a dominio dei computer utilizzati dagli utenti che si connettono al sito, gli indirizzi in notazione URI (Uniform Resource Identifier) delle risorse richieste, l\u2019orario della richiesta, il metodo utilizzato nel sottoporre la richiesta al server, la dimensione del file ottenuto in risposta, il codice numerico indicante lo stato della risposta data dal server (buon fine, errore, ecc.) ed altri parametri relativi al sistema operativo e all\u2019ambiente informatico dell\u2019utente. Questi dati vengono utilizzati al solo fine di ricavare informazioni statistiche anonime sull\u2019uso del sito e per controllarne il corretto funzionamento. I dati potrebbero essere utilizzati per l\u2019accertamento di responsabilit\u00e0 in caso di ipotetici reati informatici ai danni del sito. Dati forniti volontariamente dall\u2019utente L\u2019invio facoltativo, esplicito e volontario di posta elettronica agli indirizzi indicati su questo sito comporta la successiva acquisizione dell\u2019indirizzo del mittente, necessario per rispondere alle richieste di servizi e\/o informazioni. COOKIES Nessun dato personale degli utenti viene in proposito acquisito dal sito. Non viene fatto uso di cookies per la trasmissione di informazioni di carattere personale, n\u00e9 vengono utilizzati c.d. cookies persistenti di alcun tipo, ovvero sistemi per il tracciamento degli utenti. L\u2019uso di c.d. cookies di sessione (che non vengono memorizzati in modo persistente sul computer dell\u2019utente e svaniscono con la chiusura del browser) \u00e8 strettamente limitato alla trasmissione di identificativi di sessione (costituiti da numeri casuali generati dal server) necessari per consentire l\u2019esplorazione sicura ed efficiente del sito. I c.d. cookies di sessione utilizzati in questo sito evitano il ricorso ad altre tecniche informatiche potenzialmente pregiudizievoli per la riservatezza della navigazione degli utenti e non consentono l\u2019acquisizione di dati personali identificativi dell\u2019utente e degli eventuali altri dati personali inseriti nella missiva. FACOLTATIVIT\u00c0 DEL CONFERIMENTO DEI DATI A parte quanto specificato per i dati di navigazione, l\u2019utente \u00e8 libero di fornire i dati personali riportati nei moduli di richiesta di servizi e\/o informazioni. Il loro mancato conferimento pu\u00f2 comportare l\u2019impossibilit\u00e0 di ottenere quanto richiesto. MODALIT\u00c0 DEL TRATTAMENTO I dati personali sono trattati con strumenti automatizzati e cartacei per il tempo strettamente necessario a conseguire gli scopi per cui sono stati raccolti e in ossequio a disposizioni di legge. I dati personali sono trattati secondo principi di correttezza, liceit\u00e0 e trasparenza. FINALIT\u00c0 DEL TRATTAMENTO I dati personali sono oggetto di trattamento per le seguenti finalit\u00e0: a) adempimenti connessi agli incarichi conferiti alla Societ\u00e0, nonch\u00e9 alle norme civilistiche, contabili, fiscali e di pubblica sicurezza, alla gestione amministrativa del rapporto e agli adempimenti comunque correlati all\u2019attivit\u00e0 economica della Societ\u00e0 b) per invio di materiale informativo sui servizi della societ\u00e0 e promozionale da parte della societ\u00e0 nonch\u00e9 di sue controllate e partecipate DIRITTI DEGLI INTERESSATI I soggetti cui si riferiscono i dati personali hanno il diritto in qualunque momento di ottenere la conferma dell\u2019esistenza o meno dei medesimi dati e di conoscerne il contenuto e l\u2019origine, verificarne l\u2019esattezza o chiederne l\u2019integrazione o l\u2019aggiornamento, oppure la rettificazione (art. 7 del d.lgs. n. 196\/2003). Ai sensi del medesimo articolo si ha il diritto di chiedere la cancellazione, la trasformazione in forma anonima o il blocco dei dati trattati in violazione di legge, nonch\u00e9 di opporsi in ogni caso, per motivi legittimi, al loro trattamento. Le richieste vanno rivolte a Fratelli Cesari s.n.c. V. Merighi, 24 \u2013 Villanova &#8211; Castenaso (BO) tel: 051 781 392; fax: 051 781 392; e-mail: info@fratellicesari.com<\/p>\n","protected":false},"excerpt":{"rendered":"<p>INFORMATIVA RELATIVA AL TRATTAMENTO DEI DATI PERSONALI In questa pagina si descrivono le modalit\u00e0 di gestione del presente sito internet in riferimento al trattamento dei dati personali degli utenti che lo consultano. Si tratta di un\u2019informativa che \u00e8 resa anche ai sensi dell\u2019art. 13 del d.lgs. n. 196\/2003 \u2013 Codice in materia di protezione dei [&hellip;]<\/p>\n","protected":false},"author":9192192,"featured_media":709,"parent":0,"menu_order":0,"comment_status":"open","ping_status":"open","template":"template-pagina.php","meta":{"ngg_post_thumbnail":0},"_links":{"self":[{"href":"http:\/\/fratellicesari.com\/de\/wp-json\/wp\/v2\/pages\/787"}],"collection":[{"href":"http:\/\/fratellicesari.com\/de\/wp-json\/wp\/v2\/pages"}],"about":[{"href":"http:\/\/fratellicesari.com\/de\/wp-json\/wp\/v2\/types\/page"}],"author":[{"embeddable":true,"href":"http:\/\/fratellicesari.com\/de\/wp-json\/wp\/v2\/users\/9192192"}],"replies":[{"embeddable":true,"href":"http:\/\/fratellicesari.com\/de\/wp-json\/wp\/v2\/comments?post=787"}],"version-history":[{"count":1,"href":"http:\/\/fratellicesari.com\/de\/wp-json\/wp\/v2\/pages\/787\/revisions"}],"predecessor-version":[{"id":808,"href":"http:\/\/fratellicesari.com\/de\/wp-json\/wp\/v2\/pages\/787\/revisions\/808"}],"wp:featuredmedia":[{"embeddable":true,"href":"http:\/\/fratellicesari.com\/de\/wp-json\/wp\/v2\/media\/709"}],"wp:attachment":[{"href":"http:\/\/fratellicesari.com\/de\/wp-json\/wp\/v2\/media?parent=787"}],"curies":[{"name":"wp","href":"https:\/\/api.w.org\/{rel}","templated":true}]}}