{"id":587,"date":"2020-10-29T16:58:08","date_gmt":"2020-10-29T15:58:08","guid":{"rendered":"http:\/\/fratellicesari.com\/accueil"},"modified":"2020-10-29T17:29:37","modified_gmt":"2020-10-29T16:29:37","slug":"accueil","status":"publish","type":"page","link":"http:\/\/fratellicesari.com\/fr","title":{"rendered":"ACCUEIL"},"content":{"rendered":"<p>Notre entreprise, fond\u00e9e en 1973 par les fr\u00e8res Giorgio, Mirko et Gianluigi Cesari, est sp\u00e9cialis\u00e9e dans le moulage d&rsquo;articles techniques en caoutchoucs naturels et synth\u00e9tiques, silicone et polyur\u00e9thane, pour le compte de tiers.<br \/>\nLa production des \u00e9l\u00e9ments en caoutchouc et le moulage de caoutchouc sur du m\u00e9tal se font gr\u00e2ce au proc\u00e9d\u00e9 de vulcanisation, en suivant scrupuleusement le dessin fourni par le client.<\/p>\n","protected":false},"excerpt":{"rendered":"<p>Notre entreprise, fond\u00e9e en 1973 par les fr\u00e8res Giorgio, Mirko et Gianluigi Cesari, est sp\u00e9cialis\u00e9e dans le moulage d&rsquo;articles techniques en caoutchoucs naturels et synth\u00e9tiques, silicone et polyur\u00e9thane, pour le compte de tiers. La production des \u00e9l\u00e9ments en caoutchouc et le moulage de caoutchouc sur du m\u00e9tal se font gr\u00e2ce au proc\u00e9d\u00e9 de vulcanisation, en [&hellip;]<\/p>\n","protected":false},"author":9192192,"featured_media":0,"parent":0,"menu_order":0,"comment_status":"open","ping_status":"open","template":"home.php","meta":{"ngg_post_thumbnail":0},"_links":{"self":[{"href":"http:\/\/fratellicesari.com\/fr\/wp-json\/wp\/v2\/pages\/587"}],"collection":[{"href":"http:\/\/fratellicesari.com\/fr\/wp-json\/wp\/v2\/pages"}],"about":[{"href":"http:\/\/fratellicesari.com\/fr\/wp-json\/wp\/v2\/types\/page"}],"author":[{"embeddable":true,"href":"http:\/\/fratellicesari.com\/fr\/wp-json\/wp\/v2\/users\/9192192"}],"replies":[{"embeddable":true,"href":"http:\/\/fratellicesari.com\/fr\/wp-json\/wp\/v2\/comments?post=587"}],"version-history":[{"count":2,"href":"http:\/\/fratellicesari.com\/fr\/wp-json\/wp\/v2\/pages\/587\/revisions"}],"predecessor-version":[{"id":600,"href":"http:\/\/fratellicesari.com\/fr\/wp-json\/wp\/v2\/pages\/587\/revisions\/600"}],"wp:attachment":[{"href":"http:\/\/fratellicesari.com\/fr\/wp-json\/wp\/v2\/media?parent=587"}],"curies":[{"name":"wp","href":"https:\/\/api.w.org\/{rel}","templated":true}]}}