{"id":788,"date":"2020-11-01T00:39:33","date_gmt":"2020-10-31T23:39:33","guid":{"rendered":"http:\/\/fratellicesari.com\/privacy-e-utilizzo-dei-cookie"},"modified":"2020-11-01T00:39:33","modified_gmt":"2020-10-31T23:39:33","slug":"privacy-e-utilizzo-dei-cookie","status":"publish","type":"page","link":"http:\/\/fratellicesari.com\/fr\/privacy-e-utilizzo-dei-cookie","title":{"rendered":"Privacy e utilizzo dei cookie"},"content":{"rendered":"<h2>In che modo utilizziamo i cookie<\/h2>\n<p>Un cookie \u00e8 un piccolo file inviato dal sito web che stai visitando al tuo browser, che viene memorizzato sul disco rigido del tuo computer o altro dispositivo (hardware). Ottenuto il tuo consenso, il file viene salvato e il cookie aiuta noi ad analizzare il traffico web e a riconoscere te quando torni a visitare questo sito. Esso consente al sito di memorizzare informazioni sulla tua visita, come la tua lingua preferita e altre impostazioni. Ci\u00f2 pu\u00f2 facilitare la tua visita successiva e aumentare l&rsquo;utilit\u00e0 del sito a tuo favore.<\/p>\n<h2>A cosa servono i cookie<\/h2>\n<p>I cookie vengono utilizzati per scopi diversi. Li utilizziamo, ad esempio, per memorizzare le tue preferenze e per proteggere i tuoi dati, per contare il numero di visitatori che riceviamo su una pagina o per aiutarti a registrarti ai nostri servizi. Questo ci consente di analizzare i dati sul traffico del sito e migliorare in modo da adattarlo alle esigenze del cliente. Queste informazioni sono usate esclusivamente per analisi statistica e periodicamente rimosse dal sistema. Questo sito utilizza Google Analytics per l&rsquo;analisi statistica delle abitudini di navigazione degli utenti, ulteriori sull&rsquo;uso dei cookie da parte di Google sono reperibili in <a href=\"https:\/\/www.google.it\/intl\/it\/policies\/technologies\/types\/\">questa pagina<\/a>. Riassumendo, i cookies ci permettono di offrire un servizio migliore, monitorando quali pagine sono utili e quali no. Un cookie in nessun modo ci fa accedere al tuo computer o a qualsiasi altra informazione su di te diverse da quelle vuoi condividere con noi. Puoi scegliere di accettare o rifiutare i cookies. La maggior parte dei browser web accetta automaticamente i cookie, ma di solito puoi modificare le impostazione per rifiutarli. Questo potrebbe impedire di usufruire correttamente delle funzionalit\u00e0 di questo sito. &nbsp;<\/p>\n<h1>Tipologie di cookie utilizzati<\/h1>\n<h2>Cookie tecnici e di statistica aggregata<\/h2>\n<table>\n<tbody>\n<tr>\n<td>Categoria di utilizzo<\/td>\n<td>Esempio<\/td>\n<\/tr>\n<tr>\n<td>Preferenze<\/td>\n<td>Questi cookie permettono ai nostri siti web di memorizzare informazioni che modificano il comportamento o l&rsquo;aspetto dei siti stessi, come la lingua preferita o l&rsquo;area geografica in cui ti trovi. I cookie di questo genere possono anche aiutarti a modificare le dimensioni del testo, il tipo di carattere e altre parti personalizzabili delle pagine web. La perdita di queste informazioni memorizzate potrebbe rendere meno funzionale l&rsquo;esperienza sul sito web ma non dovrebbe comprometterne il funzionamento.<\/td>\n<\/tr>\n<tr>\n<td>Sicurezza<\/td>\n<td>I cookie di sicurezza sono usati per autenticare gli utenti, prevenire l&rsquo;uso fraudolento delle credenziali di accesso e proteggere i dati degli utenti da soggetti non autorizzati.<\/td>\n<\/tr>\n<tr>\n<td>Processi<\/td>\n<td>I cookie dei processi contribuiscono al funzionamento dei siti web e all&rsquo;offerta dei servizi che i visitatori si aspettano di trovarvi, ad esempio la possibilit\u00e0 di navigare tra le pagine del catalogo di un sito di ecommerce o di accedere ad aree protette del sito. Senza questi cookie, il sito non pu\u00f2 funzionare correttamente.<\/td>\n<\/tr>\n<tr>\n<td>Stato della sessione<\/td>\n<td>I siti web spesso raccolgono informazioni sul modo in cui gli utenti interagiscono con essi. Ci\u00f2 pu\u00f2 includere le pagine visitate pi\u00f9 spesso dagli utenti e l&rsquo;eventualit\u00e0 che gli utenti ricevano messaggi di errore da determinate pagine. Utilizziamo questi \u00ab\u00a0cookie relativi allo stato della sessione\u00a0\u00bb per migliorare i nostri servizi e l&rsquo;esperienza di navigazione dei nostri utenti. Il blocco o l&rsquo;eliminazione di questi cookie non render\u00e0 inutilizzabile il sito web, tuttavia potrebbe inficiarne la corretta navigazione.<\/td>\n<\/tr>\n<tr>\n<td>Analytics<\/td>\n<td>Google Analytics \u00e8 uno strumento di analisi di Google che aiuta i proprietari di siti web e app a capire come i visitatori interagiscono con i contenuti di loro propriet\u00e0. Si pu\u00f2 utilizzare un set di cookie per raccogliere informazioni e generare statistiche di utilizzo del sito web senza identificazione personale dei singoli visitatori da parte di Google.<\/td>\n<\/tr>\n<\/tbody>\n<\/table>\n","protected":false},"excerpt":{"rendered":"<p>In che modo utilizziamo i cookie Un cookie \u00e8 un piccolo file inviato dal sito web che stai visitando al tuo browser, che viene memorizzato sul disco rigido del tuo computer o altro dispositivo (hardware). Ottenuto il tuo consenso, il file viene salvato e il cookie aiuta noi ad analizzare il traffico web e a [&hellip;]<\/p>\n","protected":false},"author":9192192,"featured_media":0,"parent":0,"menu_order":0,"comment_status":"open","ping_status":"open","template":"template-pagina.php","meta":{"ngg_post_thumbnail":0},"_links":{"self":[{"href":"http:\/\/fratellicesari.com\/fr\/wp-json\/wp\/v2\/pages\/788"}],"collection":[{"href":"http:\/\/fratellicesari.com\/fr\/wp-json\/wp\/v2\/pages"}],"about":[{"href":"http:\/\/fratellicesari.com\/fr\/wp-json\/wp\/v2\/types\/page"}],"author":[{"embeddable":true,"href":"http:\/\/fratellicesari.com\/fr\/wp-json\/wp\/v2\/users\/9192192"}],"replies":[{"embeddable":true,"href":"http:\/\/fratellicesari.com\/fr\/wp-json\/wp\/v2\/comments?post=788"}],"version-history":[{"count":0,"href":"http:\/\/fratellicesari.com\/fr\/wp-json\/wp\/v2\/pages\/788\/revisions"}],"wp:attachment":[{"href":"http:\/\/fratellicesari.com\/fr\/wp-json\/wp\/v2\/media?parent=788"}],"curies":[{"name":"wp","href":"https:\/\/api.w.org\/{rel}","templated":true}]}}