{"id":720,"date":"2020-10-31T23:21:07","date_gmt":"2020-10-31T22:21:07","guid":{"rendered":"http:\/\/fratellicesari.com\/unternehmen"},"modified":"2020-10-31T23:32:12","modified_gmt":"2020-10-31T22:32:12","slug":"unternehmen","status":"publish","type":"page","link":"https:\/\/fratellicesari.com\/de\/unternehmen","title":{"rendered":"UNTERNEHMEN"},"content":{"rendered":"<p>Unser Unternehmen wurde 1973 von den Br\u00fcdern Giorgio, Mirko und Gianluigi Cesari gegr\u00fcndet mit <b>Spezialisierung auf das Formen von technischen Artikeln aus Natur<\/b>&#8211; und <b>Synthesegummi<\/b>, <b>Silikon<\/b> und <b>Polyurethan<\/b> (<b>Millathane\u00ae <\/b>ist eine eingetragene Marke von TSE Industries Inc., USA) f\u00fcr Dritte.<\/p>\n<p>Wir bei <b>Fratelli Cesari<\/b> sind tief in der Region verwurzelt und besch\u00e4ftigen uns haupts\u00e4chlich mit dem <b>Formen technischer Artikel<\/b> aus Natur- und Synthesegummi sowie mit der Verarbeitung von Gummi und anderen Polymeren, durch <b>Vulkanisieren,<\/b> auf Eins\u00e4tzen und Metallwalzen f\u00fcr automatische Maschinen mit ma\u00dfgeschneidertem <b>Pr\u00e4zisionsschleifen<\/b>.<\/p>\n<p>Die langj\u00e4hrige Erfahrung in der Branche, die Verwendung von Rohstoffen, die von bedeutenden zertifizierten Unternehmen geliefert werden, und die technische Kompetenz unserer Mitarbeiter erm\u00f6glichen es uns, eine breite Palette von Produkten f\u00fcr die unterschiedlichsten Industriezweige anzubieten und die besonderen Bed\u00fcrfnisse unserer Kunden zu erf\u00fcllen. Zu diesen z\u00e4hlen die gr\u00f6\u00dften Industrien f\u00fcr die Herstellung automatischer Maschinen in Italien.<\/p>\n<p>Unsere Tradition als <b>Handwerksbetrieb<\/b> erm\u00f6glicht es uns, \u00e4u\u00dferst flexibel mit gro\u00dfen Auftr\u00e4gen sowie mit kleinen und sehr kleinen Produktionsserien umzugehen.<\/p>\n","protected":false},"excerpt":{"rendered":"<p>Unser Unternehmen wurde 1973 von den Br\u00fcdern Giorgio, Mirko und Gianluigi Cesari gegr\u00fcndet mit Spezialisierung auf das Formen von technischen Artikeln aus Natur&#8211; und Synthesegummi, Silikon und Polyurethan (Millathane\u00ae ist eine eingetragene Marke von TSE Industries Inc., USA) f\u00fcr Dritte. Wir bei Fratelli Cesari sind tief in der Region verwurzelt und besch\u00e4ftigen uns haupts\u00e4chlich mit [&hellip;]<\/p>\n","protected":false},"author":9192192,"featured_media":721,"parent":0,"menu_order":0,"comment_status":"open","ping_status":"open","template":"template-pagina.php","meta":{"ngg_post_thumbnail":0},"_links":{"self":[{"href":"https:\/\/fratellicesari.com\/de\/wp-json\/wp\/v2\/pages\/720"}],"collection":[{"href":"https:\/\/fratellicesari.com\/de\/wp-json\/wp\/v2\/pages"}],"about":[{"href":"https:\/\/fratellicesari.com\/de\/wp-json\/wp\/v2\/types\/page"}],"author":[{"embeddable":true,"href":"https:\/\/fratellicesari.com\/de\/wp-json\/wp\/v2\/users\/9192192"}],"replies":[{"embeddable":true,"href":"https:\/\/fratellicesari.com\/de\/wp-json\/wp\/v2\/comments?post=720"}],"version-history":[{"count":1,"href":"https:\/\/fratellicesari.com\/de\/wp-json\/wp\/v2\/pages\/720\/revisions"}],"predecessor-version":[{"id":728,"href":"https:\/\/fratellicesari.com\/de\/wp-json\/wp\/v2\/pages\/720\/revisions\/728"}],"wp:featuredmedia":[{"embeddable":true,"href":"https:\/\/fratellicesari.com\/de\/wp-json\/wp\/v2\/media\/721"}],"wp:attachment":[{"href":"https:\/\/fratellicesari.com\/de\/wp-json\/wp\/v2\/media?parent=720"}],"curies":[{"name":"wp","href":"https:\/\/api.w.org\/{rel}","templated":true}]}}