{"id":725,"date":"2020-10-31T23:24:18","date_gmt":"2020-10-31T22:24:18","guid":{"rendered":"http:\/\/fratellicesari.com\/entreprise"},"modified":"2020-10-31T23:30:42","modified_gmt":"2020-10-31T22:30:42","slug":"entreprise","status":"publish","type":"page","link":"https:\/\/fratellicesari.com\/fr\/entreprise","title":{"rendered":"ENTREPRISE"},"content":{"rendered":"<p>Notre entreprise a \u00e9t\u00e9 fond\u00e9e en 1973 par les fr\u00e8res Giorgio, Mirko et Gianluigi Cesari et elle est sp\u00e9cialis\u00e9e dans le <b>moulage d&rsquo;articles techniques en caoutchoucs naturels<\/b> et <b>synth\u00e9tiques<\/b>, <b>silicone<\/b> et <b>polyur\u00e9thane<\/b> (<b>Millathane\u00ae <\/b>est une marque d\u00e9pos\u00e9e de TSE Industries Inc., USA), pour le compte de tiers.<\/p>\n<p>Bien ancr\u00e9s dans le territoire, chez<b> Fratelli Cesari<\/b>, nous nous occupons principalement du <b>moulage d&rsquo;articles techniques<\/b> en caoutchoucs naturels et synth\u00e9tiques et du traitement de caoutchouc et autres polym\u00e8res, gr\u00e2ce \u00e0 la <b>vulcanisation<\/b>, sur des plaquettes et rouleaux m\u00e9talliques pour machines automatiques, avec <b>rectification de pr\u00e9cision<\/b> sur dessin.<\/p>\n<p>Les longues ann\u00e9es d&rsquo;exp\u00e9rience dans le secteur, l&rsquo;utilisation de mati\u00e8res premi\u00e8res fournies par de grandes entreprises certifi\u00e9es et la comp\u00e9tence technique de notre personnel nous permettent de proposer une vaste gamme de produits destin\u00e9s aux secteurs industriels les plus divers et de r\u00e9pondre aux exigences les plus particuli\u00e8res de nos clients. Notre client\u00e8le comprend les plus grandes industries de production de machines automatiques en Italie.<\/p>\n<p>Notre nature d&rsquo;<b>entreprise artisanale<\/b> nous permet d&rsquo;\u00eatre extr\u00eamement souples et de faire face \u00e0 de grosses commandes mais aussi \u00e0 des s\u00e9ries petites et tr\u00e8s petites.<\/p>\n","protected":false},"excerpt":{"rendered":"<p>Notre entreprise a \u00e9t\u00e9 fond\u00e9e en 1973 par les fr\u00e8res Giorgio, Mirko et Gianluigi Cesari et elle est sp\u00e9cialis\u00e9e dans le moulage d&rsquo;articles techniques en caoutchoucs naturels et synth\u00e9tiques, silicone et polyur\u00e9thane (Millathane\u00ae est une marque d\u00e9pos\u00e9e de TSE Industries Inc., USA), pour le compte de tiers. Bien ancr\u00e9s dans le territoire, chez Fratelli Cesari, [&hellip;]<\/p>\n","protected":false},"author":9192192,"featured_media":717,"parent":0,"menu_order":0,"comment_status":"open","ping_status":"open","template":"template-pagina.php","meta":{"ngg_post_thumbnail":0},"_links":{"self":[{"href":"https:\/\/fratellicesari.com\/fr\/wp-json\/wp\/v2\/pages\/725"}],"collection":[{"href":"https:\/\/fratellicesari.com\/fr\/wp-json\/wp\/v2\/pages"}],"about":[{"href":"https:\/\/fratellicesari.com\/fr\/wp-json\/wp\/v2\/types\/page"}],"author":[{"embeddable":true,"href":"https:\/\/fratellicesari.com\/fr\/wp-json\/wp\/v2\/users\/9192192"}],"replies":[{"embeddable":true,"href":"https:\/\/fratellicesari.com\/fr\/wp-json\/wp\/v2\/comments?post=725"}],"version-history":[{"count":1,"href":"https:\/\/fratellicesari.com\/fr\/wp-json\/wp\/v2\/pages\/725\/revisions"}],"predecessor-version":[{"id":727,"href":"https:\/\/fratellicesari.com\/fr\/wp-json\/wp\/v2\/pages\/725\/revisions\/727"}],"wp:featuredmedia":[{"embeddable":true,"href":"https:\/\/fratellicesari.com\/fr\/wp-json\/wp\/v2\/media\/717"}],"wp:attachment":[{"href":"https:\/\/fratellicesari.com\/fr\/wp-json\/wp\/v2\/media?parent=725"}],"curies":[{"name":"wp","href":"https:\/\/api.w.org\/{rel}","templated":true}]}}