{"id":729,"date":"2020-10-31T23:37:26","date_gmt":"2020-10-31T22:37:26","guid":{"rendered":"http:\/\/fratellicesari.com\/technologie"},"modified":"2020-10-31T23:41:25","modified_gmt":"2020-10-31T22:41:25","slug":"technologie","status":"publish","type":"page","link":"https:\/\/fratellicesari.com\/fr\/technologie","title":{"rendered":"TECHNOLOGIE"},"content":{"rendered":"<p>La <b>vulcanisation<\/b> est un proc\u00e9d\u00e9 de traitement du caoutchouc qui est li\u00e9 chimiquement au soufre par l&rsquo;interm\u00e9diaire du chauffage. Le proc\u00e9d\u00e9 modifie la composition mol\u00e9culaire du polym\u00e8re pour le rendre plus \u00e9lastique et augmenter sa r\u00e9sistance \u00e0 la traction.<\/p>\n<p>Le proc\u00e9d\u00e9 se fait en employant des <b>presses verticales \u00e0 chaud<\/b> (dans notre cas Mapelli 30\/80 ou Mapelli 500, suivant la dimension du moule) qui, en atteignant une temp\u00e9rature de 200 \u00b0C environ, permettent le <b>moulage par injection<\/b> ou le <b>moulage par compression<\/b> \u00e0 l&rsquo;aide de presses sp\u00e9ciales.<\/p>\n<p>Des moules sp\u00e9ciaux sont pr\u00e9par\u00e9s afin que les pi\u00e8ces produites aient la forme adapt\u00e9e, en suivant les dessins techniques fournis par le client.<\/p>\n","protected":false},"excerpt":{"rendered":"<p>La vulcanisation est un proc\u00e9d\u00e9 de traitement du caoutchouc qui est li\u00e9 chimiquement au soufre par l&rsquo;interm\u00e9diaire du chauffage. Le proc\u00e9d\u00e9 modifie la composition mol\u00e9culaire du polym\u00e8re pour le rendre plus \u00e9lastique et augmenter sa r\u00e9sistance \u00e0 la traction. Le proc\u00e9d\u00e9 se fait en employant des presses verticales \u00e0 chaud (dans notre cas Mapelli 30\/80 [&hellip;]<\/p>\n","protected":false},"author":9192192,"featured_media":730,"parent":0,"menu_order":0,"comment_status":"open","ping_status":"open","template":"template-pagina.php","meta":{"ngg_post_thumbnail":0},"_links":{"self":[{"href":"https:\/\/fratellicesari.com\/fr\/wp-json\/wp\/v2\/pages\/729"}],"collection":[{"href":"https:\/\/fratellicesari.com\/fr\/wp-json\/wp\/v2\/pages"}],"about":[{"href":"https:\/\/fratellicesari.com\/fr\/wp-json\/wp\/v2\/types\/page"}],"author":[{"embeddable":true,"href":"https:\/\/fratellicesari.com\/fr\/wp-json\/wp\/v2\/users\/9192192"}],"replies":[{"embeddable":true,"href":"https:\/\/fratellicesari.com\/fr\/wp-json\/wp\/v2\/comments?post=729"}],"version-history":[{"count":1,"href":"https:\/\/fratellicesari.com\/fr\/wp-json\/wp\/v2\/pages\/729\/revisions"}],"predecessor-version":[{"id":749,"href":"https:\/\/fratellicesari.com\/fr\/wp-json\/wp\/v2\/pages\/729\/revisions\/749"}],"wp:featuredmedia":[{"embeddable":true,"href":"https:\/\/fratellicesari.com\/fr\/wp-json\/wp\/v2\/media\/730"}],"wp:attachment":[{"href":"https:\/\/fratellicesari.com\/fr\/wp-json\/wp\/v2\/media?parent=729"}],"curies":[{"name":"wp","href":"https:\/\/api.w.org\/{rel}","templated":true}]}}